
{"id":42,"date":"2020-03-30T14:31:01","date_gmt":"2020-03-30T11:31:01","guid":{"rendered":"https:\/\/yp.ieee.org.tr\/?page_id=42"},"modified":"2021-03-27T13:43:05","modified_gmt":"2021-03-27T10:43:05","slug":"events","status":"publish","type":"page","link":"https:\/\/yp.ieee.org.tr\/index.php\/events\/","title":{"rendered":"Events"},"content":{"rendered":"\n<p>IEEE Turkey YP-AG aims to create new dynamics with IEEE Turkey Section and Student Branches and make more effective collaboration with national and international partners such as IEEE Region 8 YP. For this purpose, we plan to organize many exciting events including workshops, panels, interviews, symposiums, e-talks, networking events and especially webinars.<\/p>\n\n\n\n<p>On our social media accounts, you can hear about our events. Please follow us via social media links provided below:<\/p>\n\n\n\n<p class=\"has-text-align-center\"><a rel=\"noreferrer noopener\" aria-label=\"\ufffc (yeni sekmede a\u00e7\u0131l\u0131r)\" href=\"https:\/\/www.facebook.com\/ieeeypturkey\/\" target=\"_blank\"><img loading=\"lazy\" width=\"173\" height=\"174\" class=\"wp-image-130\" style=\"width: 100px;height:100px\" src=\"https:\/\/yp.ieee.org.tr\/wp-content\/uploads\/2020\/04\/fb.png\" alt=\"Facebook\" srcset=\"https:\/\/yp.ieee.org.tr\/wp-content\/uploads\/2020\/04\/fb.png 173w, https:\/\/yp.ieee.org.tr\/wp-content\/uploads\/2020\/04\/fb-150x150.png 150w\" sizes=\"(max-width: 173px) 100vw, 173px\" \/><\/a><a rel=\"noreferrer noopener\" aria-label=\"\ufffc (yeni sekmede a\u00e7\u0131l\u0131r)\" href=\"https:\/\/www.instagram.com\/ieeeturkeyyp\/\" target=\"_blank\"><img loading=\"lazy\" width=\"178\" height=\"172\" class=\"wp-image-129\" style=\"width: 100px;height:100px\" src=\"https:\/\/yp.ieee.org.tr\/wp-content\/uploads\/2020\/04\/insta.png\" alt=\"Instagram\"><\/a><a rel=\"noreferrer noopener\" aria-label=\"\ufffc (yeni sekmede a\u00e7\u0131l\u0131r)\" href=\"https:\/\/www.linkedin.com\/company\/ieeeypturkey\" target=\"_blank\"><img loading=\"lazy\" width=\"175\" height=\"173\" class=\"wp-image-128\" style=\"width: 100px;height:100px\" src=\"https:\/\/yp.ieee.org.tr\/wp-content\/uploads\/2020\/04\/linkedin.png\" alt=\"LinkedIn\"><\/a><a rel=\"noreferrer noopener\" aria-label=\"\ufffc (yeni sekmede a\u00e7\u0131l\u0131r)\" href=\"https:\/\/www.youtube.com\/channel\/UC9ArznEA_VGIZg3_-iNDOqg\" target=\"_blank\"><img loading=\"lazy\" width=\"175\" height=\"174\" class=\"wp-image-127\" style=\"width: 100px;height:100px\" src=\"https:\/\/yp.ieee.org.tr\/wp-content\/uploads\/2020\/04\/youtube.png\" alt=\"Youtube\" srcset=\"https:\/\/yp.ieee.org.tr\/wp-content\/uploads\/2020\/04\/youtube.png 175w, https:\/\/yp.ieee.org.tr\/wp-content\/uploads\/2020\/04\/youtube-150x150.png 150w\" sizes=\"(max-width: 175px) 100vw, 175px\" \/><\/a><\/p>\n\n\n\n<p><\/p>\n\n\n\n<p class=\"has-text-align-center\"> <div class=\"juicer-feed\" data-feed-id=\"ieeeturkeyyp\"><\/div>\n\n\n\n<p><\/p>\n","protected":false},"excerpt":{"rendered":"<p>IEEE Turkey YP-AG aims to create new dynamics with IEEE Turkey Section and Student Branches and make more effective collaboration with national and international partners such as IEEE Region 8 YP. For this purpose, we plan to organize many exciting events including workshops, panels, interviews, &#8230;<\/p>\n","protected":false},"author":2,"featured_media":0,"parent":0,"menu_order":0,"comment_status":"closed","ping_status":"closed","template":"","meta":[],"_links":{"self":[{"href":"https:\/\/yp.ieee.org.tr\/index.php\/wp-json\/wp\/v2\/pages\/42"}],"collection":[{"href":"https:\/\/yp.ieee.org.tr\/index.php\/wp-json\/wp\/v2\/pages"}],"about":[{"href":"https:\/\/yp.ieee.org.tr\/index.php\/wp-json\/wp\/v2\/types\/page"}],"author":[{"embeddable":true,"href":"https:\/\/yp.ieee.org.tr\/index.php\/wp-json\/wp\/v2\/users\/2"}],"replies":[{"embeddable":true,"href":"https:\/\/yp.ieee.org.tr\/index.php\/wp-json\/wp\/v2\/comments?post=42"}],"version-history":[{"count":13,"href":"https:\/\/yp.ieee.org.tr\/index.php\/wp-json\/wp\/v2\/pages\/42\/revisions"}],"predecessor-version":[{"id":200,"href":"https:\/\/yp.ieee.org.tr\/index.php\/wp-json\/wp\/v2\/pages\/42\/revisions\/200"}],"wp:attachment":[{"href":"https:\/\/yp.ieee.org.tr\/index.php\/wp-json\/wp\/v2\/media?parent=42"}],"curies":[{"name":"wp","href":"https:\/\/api.w.org\/{rel}","templated":true}]}}